{"id":647,"date":"2022-12-28T09:22:12","date_gmt":"2022-12-28T07:22:12","guid":{"rendered":"http:\/\/sireti.sat.md\/?page_id=647"},"modified":"2023-01-18T11:19:58","modified_gmt":"2023-01-18T09:19:58","slug":"pagina-antreprenorului","status":"publish","type":"page","link":"https:\/\/sireti.sat.md\/?page_id=647","title":{"rendered":"Patrimoniul Public"},"content":{"rendered":"<p>Planul de Gestionare a Patrimoniului Public APL Sire\u021bi (2021-2024) a fost aprobat prin\u00a0<a href=\"https:\/\/actelocale.gov.md\/ral\/act\/cu-privire-la-aprobarea-planului-de-gestionare-a-patrimoniului-public-933872.html\" target=\"_blank\" rel=\"noopener\" data-saferedirecturl=\"https:\/\/www.google.com\/url?q=https:\/\/actelocale.gov.md\/ral\/act\/cu-privire-la-aprobarea-planului-de-gestionare-a-patrimoniului-public-933872.html&amp;source=gmail&amp;ust=1673959020646000&amp;usg=AOvVaw2wOERyLzOh7T0iHgWyVhe6\">Decizia CL nr. 1\/12 din 22.02.2022<\/a>\u00a0<span lang=\"RO\">\u0219i\u00a0<\/span>detaliaz\u0103 scopurile, structura, cadrul, procesele \u015fi rezultatele gestion\u0103rii strategice a activelor din portofoliul de propriet\u0103\u021bi al autorit\u0103\u021bii publice locale.<\/p>\n<p><a href=\"http:\/\/sireti.sat.md\/wp-content\/uploads\/sites\/68\/2023\/01\/Plan_GPP_APL_Sireti.pdf\">Plan_GPP_APL_Sireti<\/a><\/p>\n<p>Expunerea grafic\u0103 a informa\u021biei privind dinamica \u0219i ponderea veniturilor APL \u00eenregistrate \u00een perioada 2017 \u2013 august 2021\u00a0 din GPP la nivel local sunt prezentate \u00een urm\u0103toarea Figur\u0103:<\/p>\n<p><a href=\"http:\/\/sireti.sat.md\/wp-content\/uploads\/sites\/68\/2023\/01\/image002.png\"><img loading=\"lazy\" decoding=\"async\" class=\"alignnone size-medium wp-image-2125\" src=\"http:\/\/sireti.sat.md\/wp-content\/uploads\/sites\/68\/2023\/01\/image002-300x182.png\" alt=\"\" width=\"300\" height=\"182\" srcset=\"https:\/\/sireti.sat.md\/wp-content\/uploads\/sites\/68\/2023\/01\/image002-300x182.png 300w, https:\/\/sireti.sat.md\/wp-content\/uploads\/sites\/68\/2023\/01\/image002.png 752w\" sizes=\"auto, (max-width: 300px) 100vw, 300px\" \/><\/a><\/p>\n<p><a href=\"http:\/\/sireti.sat.md\/wp-content\/uploads\/sites\/68\/2023\/01\/Tabel-buget.png\"><img loading=\"lazy\" decoding=\"async\" class=\"alignnone size-medium wp-image-2138\" src=\"http:\/\/sireti.sat.md\/wp-content\/uploads\/sites\/68\/2023\/01\/Tabel-buget-300x232.png\" alt=\"\" width=\"300\" height=\"232\" srcset=\"https:\/\/sireti.sat.md\/wp-content\/uploads\/sites\/68\/2023\/01\/Tabel-buget-300x232.png 300w, https:\/\/sireti.sat.md\/wp-content\/uploads\/sites\/68\/2023\/01\/Tabel-buget-768x593.png 768w, https:\/\/sireti.sat.md\/wp-content\/uploads\/sites\/68\/2023\/01\/Tabel-buget-777x600.png 777w, https:\/\/sireti.sat.md\/wp-content\/uploads\/sites\/68\/2023\/01\/Tabel-buget.png 806w\" sizes=\"auto, (max-width: 300px) 100vw, 300px\" \/><\/a><\/p>\n<p>Pentru mai multe detalii vizualiza\u021bi Harta:<\/p>\n<p><a href=\"https:\/\/www.google.com\/maps\/d\/u\/0\/viewer?mid=1tYVtTtLu7_4mP6virWhs4X7V4mLU698&amp;ll=47.13578682704864%2C28.7182144&amp;z=14\">Harta Patrimoniului public UAT Sireti<\/a><\/p>\n<p>&nbsp;<\/p>\n","protected":false},"excerpt":{"rendered":"<p>Planul de Gestionare a Patrimoniului Public APL Sire\u021bi (2021-2024) a fost aprobat prin\u00a0Decizia CL nr. 1\/12 din 22.02.2022\u00a0\u0219i\u00a0detaliaz\u0103 scopurile, structura, cadrul, procesele \u015fi rezultatele gestion\u0103rii strategice a activelor din portofoliul de propriet\u0103\u021bi al autorit\u0103\u021bii publice locale. Plan_GPP_APL_Sireti Expunerea grafic\u0103 a informa\u021biei privind dinamica \u0219i ponderea veniturilor APL \u00eenregistrate \u00een perioada 2017 \u2013 august 2021\u00a0 din [&hellip;]<\/p>\n","protected":false},"author":15,"featured_media":0,"parent":0,"menu_order":0,"comment_status":"closed","ping_status":"closed","template":"","meta":{"footnotes":""},"class_list":["post-647","page","type-page","status-publish","hentry"],"_links":{"self":[{"href":"https:\/\/sireti.sat.md\/index.php?rest_route=\/wp\/v2\/pages\/647","targetHints":{"allow":["GET"]}}],"collection":[{"href":"https:\/\/sireti.sat.md\/index.php?rest_route=\/wp\/v2\/pages"}],"about":[{"href":"https:\/\/sireti.sat.md\/index.php?rest_route=\/wp\/v2\/types\/page"}],"author":[{"embeddable":true,"href":"https:\/\/sireti.sat.md\/index.php?rest_route=\/wp\/v2\/users\/15"}],"replies":[{"embeddable":true,"href":"https:\/\/sireti.sat.md\/index.php?rest_route=%2Fwp%2Fv2%2Fcomments&post=647"}],"version-history":[{"count":23,"href":"https:\/\/sireti.sat.md\/index.php?rest_route=\/wp\/v2\/pages\/647\/revisions"}],"predecessor-version":[{"id":2139,"href":"https:\/\/sireti.sat.md\/index.php?rest_route=\/wp\/v2\/pages\/647\/revisions\/2139"}],"wp:attachment":[{"href":"https:\/\/sireti.sat.md\/index.php?rest_route=%2Fwp%2Fv2%2Fmedia&parent=647"}],"curies":[{"name":"wp","href":"https:\/\/api.w.org\/{rel}","templated":true}]}}