{"id":94,"date":"2015-08-21T17:39:01","date_gmt":"2015-08-21T14:39:01","guid":{"rendered":"http:\/\/siret.sat.md\/?page_id=94"},"modified":"2026-02-19T14:28:34","modified_gmt":"2026-02-19T12:28:34","slug":"comisii-de-specialitate","status":"publish","type":"page","link":"https:\/\/sireti.sat.md\/?page_id=94","title":{"rendered":"Comisii de specialitate"},"content":{"rendered":"<p><strong><u>Comisiile consultative de specialitate:<\/u><\/strong><\/p>\n<p><strong>\u00a01.\u00a0<\/strong><strong>Comisia buget \u0219i finan\u021be, economie, agricultur\u0103, industrie \u0219i infrastructur\u0103<\/strong><\/p>\n<p><strong>\u00a0<\/strong><\/p>\n<ol>\n<li>Gherciu Sergiu<\/li>\n<li>Potinga Victor<\/li>\n<li>Negar\u0103 Iulia<\/li>\n<li>Tomenco Traian<\/li>\n<li>Chitic Nicolae<\/li>\n<\/ol>\n<p>&nbsp;<\/p>\n<p><strong>2.Comisia pentru educa\u021bie, cultur\u0103, turism, tineret \u0219i sport.<\/strong><\/p>\n<p><strong>\u00a0<\/strong><\/p>\n<ol>\n<li>Vranceanu Galina<\/li>\n<li>Moraru Svetlana<\/li>\n<li>\u021aopa Anastasia<\/li>\n<li>Postica Maria<\/li>\n<li>Dabija Stela<\/li>\n<\/ol>\n<p>&nbsp;<\/p>\n<p><strong>3.Comisia pentru asigurarea protec\u021biei\u00a0 sociale, ocrotirea s\u0103n\u0103t\u0103\u021bii popula\u021biei, men\u021binerea ordinii publice \u0219i drept<\/strong><\/p>\n<p>&nbsp;<\/p>\n<ol>\n<li>\u021aurcanu Taisia<\/li>\n<li>Ducin Sergiu<\/li>\n<li>Pruteanu Denis<\/li>\n<li>Sula Lilia<\/li>\n<li>Vranceanu Vera<\/li>\n<\/ol>\n<p>&nbsp;<\/p>\n","protected":false},"excerpt":{"rendered":"<p>Comisiile consultative de specialitate: \u00a01.\u00a0Comisia buget \u0219i finan\u021be, economie, agricultur\u0103, industrie \u0219i infrastructur\u0103 \u00a0 Gherciu Sergiu Potinga Victor Negar\u0103 Iulia Tomenco Traian Chitic Nicolae &nbsp; 2.Comisia pentru educa\u021bie, cultur\u0103, turism, tineret \u0219i sport. \u00a0 Vranceanu Galina Moraru Svetlana \u021aopa Anastasia Postica Maria Dabija Stela &nbsp; 3.Comisia pentru asigurarea protec\u021biei\u00a0 sociale, ocrotirea s\u0103n\u0103t\u0103\u021bii popula\u021biei, men\u021binerea ordinii [&hellip;]<\/p>\n","protected":false},"author":2,"featured_media":0,"parent":0,"menu_order":0,"comment_status":"open","ping_status":"open","template":"","meta":{"footnotes":""},"class_list":["post-94","page","type-page","status-publish","hentry"],"_links":{"self":[{"href":"https:\/\/sireti.sat.md\/index.php?rest_route=\/wp\/v2\/pages\/94","targetHints":{"allow":["GET"]}}],"collection":[{"href":"https:\/\/sireti.sat.md\/index.php?rest_route=\/wp\/v2\/pages"}],"about":[{"href":"https:\/\/sireti.sat.md\/index.php?rest_route=\/wp\/v2\/types\/page"}],"author":[{"embeddable":true,"href":"https:\/\/sireti.sat.md\/index.php?rest_route=\/wp\/v2\/users\/2"}],"replies":[{"embeddable":true,"href":"https:\/\/sireti.sat.md\/index.php?rest_route=%2Fwp%2Fv2%2Fcomments&post=94"}],"version-history":[{"count":9,"href":"https:\/\/sireti.sat.md\/index.php?rest_route=\/wp\/v2\/pages\/94\/revisions"}],"predecessor-version":[{"id":3216,"href":"https:\/\/sireti.sat.md\/index.php?rest_route=\/wp\/v2\/pages\/94\/revisions\/3216"}],"wp:attachment":[{"href":"https:\/\/sireti.sat.md\/index.php?rest_route=%2Fwp%2Fv2%2Fmedia&parent=94"}],"curies":[{"name":"wp","href":"https:\/\/api.w.org\/{rel}","templated":true}]}}